{"id":2386,"date":"2022-08-23T15:05:51","date_gmt":"2022-08-23T15:05:51","guid":{"rendered":"https:\/\/tenerifepools.es\/request-budget-adeje-tenerife-south-salt-water-chlorination"},"modified":"2023-01-11T21:14:48","modified_gmt":"2023-01-11T21:14:48","slug":"solicitud-presupuesto-adeje-tenerife-sur-cloracion-agua-salada","status":"publish","type":"page","link":"https:\/\/tenerifepools.es\/es\/solicitud-presupuesto-adeje-tenerife-sur-cloracion-agua-salada","title":{"rendered":"Clorador Salino"},"content":{"rendered":"<p><div class=\"fusion-fullwidth fullwidth-box fusion-builder-row-1 has-pattern-background has-mask-background fusion-parallax-none nonhundred-percent-fullwidth non-hundred-percent-height-scrolling\" style=\"--awb-border-radius-top-left:0px;--awb-border-radius-top-right:0px;--awb-border-radius-bottom-right:0px;--awb-border-radius-bottom-left:0px;--awb-padding-top:20%;--awb-background-image:url(&quot;https:\/\/tenerifepools.es\/wp-content\/uploads\/2022\/05\/MG_3642.jpg&quot;);--awb-background-size:cover;--awb-flex-wrap:wrap;\" ><div class=\"fusion-builder-row fusion-row\"><div class=\"fusion-layout-column fusion_builder_column fusion-builder-column-0 fusion_builder_column_1_1 1_1 fusion-one-full fusion-column-first fusion-column-last fusion-animated\" style=\"--awb-bg-size:cover;\" data-animationType=\"fadeInDown\" data-animationDuration=\"1.0\" data-animationOffset=\"top-into-view\"><div class=\"fusion-column-wrapper fusion-column-has-shadow fusion-flex-column-wrapper-legacy\"><div class=\"fusion-clearfix\"><\/div><\/div><\/div><\/div><\/div><div class=\"fusion-fullwidth fullwidth-box fusion-builder-row-2 nonhundred-percent-fullwidth non-hundred-percent-height-scrolling\" style=\"--awb-border-radius-top-left:0px;--awb-border-radius-top-right:0px;--awb-border-radius-bottom-right:0px;--awb-border-radius-bottom-left:0px;--awb-padding-top:5%;--awb-padding-bottom:5%;--awb-background-color:#faf9f6;--awb-flex-wrap:wrap;\" ><div class=\"fusion-builder-row fusion-row\"><div class=\"fusion-layout-column fusion_builder_column fusion-builder-column-1 fusion_builder_column_1_1 1_1 fusion-one-full fusion-column-first fusion-column-last fusion-animated\" style=\"--awb-bg-size:cover;--awb-margin-bottom:60px;\" data-animationType=\"fadeInDown\" data-animationDuration=\"1.0\" data-animationOffset=\"top-into-view\"><div class=\"fusion-column-wrapper fusion-column-has-shadow fusion-flex-column-wrapper-legacy\"><div class=\"fusion-title title fusion-title-1 fusion-sep-none fusion-title-center fusion-title-text fusion-title-size-two\"><h2 class=\"fusion-title-heading title-heading-center fusion-responsive-typography-calculated\" style=\"margin:0;--fontSize:25;line-height:1;\">CLORADOR SALINO<\/h2><\/div><div class=\"fusion-text fusion-text-1\"><p style=\"text-align: center;\">proporcionan un agua suave como la seda, desinfectada de forma natural, que no irrita los ojos ni decolora los tejidos. Gracias a la conversi\u00f3n autom\u00e1tica del agua salada con un suministro continuo de cloro, ahora es m\u00e1s f\u00e1cil que nunca crear la piscina de agua salada definitiva.<\/p>\n<\/div><div class=\"fusion-clearfix\"><\/div><\/div><\/div><div class=\"fusion-layout-column fusion_builder_column fusion-builder-column-2 fusion_builder_column_1_1 1_1 fusion-one-full fusion-column-first fusion-column-last fusion-animated\" style=\"--awb-padding-top:40px;--awb-padding-right:40px;--awb-padding-bottom:40px;--awb-padding-left:40px;--awb-bg-color:#ffffff;--awb-bg-color-hover:#ffffff;--awb-bg-size:cover;--awb-box-shadow:0px 20px 20px 0px rgba(0,0,0,0.15);;--awb-margin-bottom:30px;\" data-animationType=\"fadeInUp\" data-animationDuration=\"1.0\" data-animationOffset=\"top-into-view\"><div class=\"fusion-column-wrapper fusion-column-has-shadow fusion-flex-column-wrapper-legacy\">\n<div class=\"wpcf7 no-js\" id=\"wpcf7-f2380-o1\" lang=\"en-US\" dir=\"ltr\" data-wpcf7-id=\"2380\">\n<div class=\"screen-reader-response\"><p role=\"status\" aria-live=\"polite\" aria-atomic=\"true\"><\/p> <ul><\/ul><\/div>\n<form action=\"\/es\/wp-json\/wp\/v2\/pages\/2386#wpcf7-f2380-o1\" method=\"post\" class=\"wpcf7-form init\" aria-label=\"Contact form\" novalidate=\"novalidate\" data-status=\"init\">\n<fieldset class=\"hidden-fields-container\"><input type=\"hidden\" name=\"_wpcf7\" value=\"2380\" \/><input type=\"hidden\" name=\"_wpcf7_version\" value=\"6.1.4\" \/><input type=\"hidden\" name=\"_wpcf7_locale\" value=\"en_US\" \/><input type=\"hidden\" name=\"_wpcf7_unit_tag\" value=\"wpcf7-f2380-o1\" \/><input type=\"hidden\" name=\"_wpcf7_container_post\" value=\"0\" \/><input type=\"hidden\" name=\"_wpcf7_posted_data_hash\" value=\"\" \/><input type=\"hidden\" name=\"_wpcf7_recaptcha_response\" value=\"\" \/>\n<\/fieldset>\n<div class=\"fusion-one-half fusion-layout-column fusion-spacing-yes\">\n\t<h2>Datos de Contacto\n\t<\/h2>\n<\/div>\n<div class=\"fusion-one-half fusion-layout-column fusion-spacing-yes\">\n\t<p><label> Nombre <span class=\"wpcf7-form-control-wrap\" data-name=\"nombre\"><input size=\"40\" maxlength=\"400\" class=\"wpcf7-form-control wpcf7-text wpcf7-validates-as-required\" aria-required=\"true\" aria-invalid=\"false\" value=\"\" type=\"text\" name=\"nombre\" \/><\/span> <\/label>\n\t<\/p>\n<\/div>\n<div class=\"fusion-one-half fusion-layout-column fusion-column-last fusion-spacing-yes\">\n\t<p><label> N\u00famero de Tel\u00e9fono <span class=\"wpcf7-form-control-wrap\" data-name=\"phone-number\"><input class=\"wpcf7-form-control wpcf7-number wpcf7-validates-as-required wpcf7-validates-as-number\" aria-required=\"true\" aria-invalid=\"false\" value=\"\" type=\"number\" name=\"phone-number\" \/><\/span><\/label>\n\t<\/p>\n<\/div>\n<div class=\"fusion-one-half fusion-layout-column fusion-spacing-yes\">\n\t<p><label> Correo Electronico <span class=\"wpcf7-form-control-wrap\" data-name=\"email\"><input size=\"40\" maxlength=\"400\" class=\"wpcf7-form-control wpcf7-email wpcf7-validates-as-required wpcf7-text wpcf7-validates-as-email\" aria-required=\"true\" aria-invalid=\"false\" value=\"\" type=\"email\" name=\"email\" \/><\/span> <\/label>\n\t<\/p>\n<\/div>\n<div class=\"fusion-one-half fusion-layout-column fusion-column-last fusion-spacing-yes\">\n\t<p><label> Municipio <span class=\"wpcf7-form-control-wrap\" data-name=\"municipio\"><select class=\"wpcf7-form-control wpcf7-select wpcf7-validates-as-required\" aria-required=\"true\" aria-invalid=\"false\" name=\"municipio\"><option value=\"\">&#8212;Please choose an option&#8212;<\/option><option value=\"Adeje\">Adeje<\/option><option value=\"Arafo\">Arafo<\/option><option value=\"Arico\">Arico<\/option><option value=\"Arona\">Arona<\/option><option value=\"Buenavista del Norte\">Buenavista del Norte<\/option><option value=\"Candelaria\">Candelaria<\/option><option value=\"El Rosario\">El Rosario<\/option><option value=\"El Sauzal\">El Sauzal<\/option><option value=\"El \u201dTanque\">El \u201dTanque<\/option><option value=\"Fasnia\">Fasnia<\/option><option value=\"Garachico\">Garachico<\/option><option value=\"Granadilla de Abona\">Granadilla de Abona<\/option><option value=\"Gu\u00eda de Isora\">Gu\u00eda de Isora<\/option><option value=\"G\u00fc\u00edmar\">G\u00fc\u00edmar<\/option><option value=\"Icod de los Vinos\">Icod de los Vinos<\/option><option value=\"La Guancha\">La Guancha<\/option><option value=\"La Matanza de Acentejo\">La Matanza de Acentejo<\/option><option value=\"La Orotava\">La Orotava<\/option><option value=\"La Victoria de Acentejo\">La Victoria de Acentejo<\/option><option value=\"Los Realejos\">Los Realejos<\/option><option value=\"Los Silos\">Los Silos<\/option><option value=\"Puerto de la Cruz\">Puerto de la Cruz<\/option><option value=\"San Crist\u00f3bal de La Laguna\">San Crist\u00f3bal de La Laguna<\/option><option value=\"San Juan de la Rambla\">San Juan de la Rambla<\/option><option value=\"San Miguel de Abona\">San Miguel de Abona<\/option><option value=\"Santa Cruz de Tenerife\">Santa Cruz de Tenerife<\/option><option value=\"Santa \u00darsula\">Santa \u00darsula<\/option><option value=\"Santiago del Teide\">Santiago del Teide<\/option><option value=\"Tacoronte\">Tacoronte<\/option><option value=\"Tegueste\">Tegueste<\/option><option value=\"Vilaflor de Chasna\">Vilaflor de Chasna<\/option><\/select><\/span><\/label>\n\t<\/p>\n<\/div>\n<div class=\"fusion-one-half fusion-layout-column fusion-spacing-yes\">\n\t<p><label> Direcci\u00f3n de la vivienda <span class=\"wpcf7-form-control-wrap\" data-name=\"address\"><textarea cols=\"40\" rows=\"10\" maxlength=\"2000\" class=\"wpcf7-form-control wpcf7-textarea wpcf7-validates-as-required\" aria-required=\"true\" aria-invalid=\"false\" name=\"address\"><\/textarea><\/span> <\/label>\n\t<\/p>\n<\/div>\n<div class=\"fusion-one-half fusion-layout-column fusion-spacing-yes\">\n\t<h2>Presupuesto clorador Salino\n\t<\/h2>\n<\/div>\n<div class=\"fusion-one-half fusion-layout-column fusion-spacing-yes\">\n\t<p><label> Medidas de la piscina <span class=\"wpcf7-form-control-wrap\" data-name=\"medidas\"><textarea cols=\"40\" rows=\"10\" maxlength=\"2000\" class=\"wpcf7-form-control wpcf7-textarea wpcf7-validates-as-required\" aria-required=\"true\" aria-invalid=\"false\" placeholder=\"Especifica las medidas de la piscina o m3\/Litros\" name=\"medidas\"><\/textarea><\/span> <\/label>\n\t<\/p>\n<\/div>\n<div class=\"fusion-one-half fusion-layout-column fusion-spacing-yes\">\n\t<p><label><\/label><label>Ajusta autom\u00e1ticamente el pH <span class=\"wpcf7-form-control-wrap\" data-name=\"ph\"><select class=\"wpcf7-form-control wpcf7-select wpcf7-validates-as-required\" aria-required=\"true\" aria-invalid=\"false\" name=\"ph\"><option value=\"\">&#8212;Please choose an option&#8212;<\/option><option value=\"Si\">Si<\/option><option value=\"No\">No<\/option><\/select><\/span><\/label>\n\t<\/p>\n<\/div>\n<div class=\"fusion-one-half fusion-layout-column fusion-column-last fusion-spacing-yes\">\n\t<p><label><\/label><label>Ajusta autom\u00e1ticamente Cloro\/Redox <span class=\"wpcf7-form-control-wrap\" data-name=\"redox\"><select class=\"wpcf7-form-control wpcf7-select wpcf7-validates-as-required\" aria-required=\"true\" aria-invalid=\"false\" name=\"redox\"><option value=\"\">&#8212;Please choose an option&#8212;<\/option><option value=\"No\">No<\/option><option value=\"No\">No<\/option><\/select><\/span><\/label>\n\t<\/p>\n<\/div>\n<div class=\"fusion-one-half fusion-layout-column fusion-spacing-yes\">\n\t<p style=\"font-size: 14px; margin-top: 30px;\">\n\t<\/p>\n\t<p style=\"font-size: 14px;\"><span class=\"wpcf7-form-control-wrap\" data-name=\"your-consent\"><span class=\"wpcf7-form-control wpcf7-acceptance\"><span class=\"wpcf7-list-item\"><label><input type=\"checkbox\" name=\"your-consent\" value=\"1\" aria-invalid=\"false\" \/><span class=\"wpcf7-list-item-label\">He le\u00eddo y acepto la <a href=\"https:\/\/tenerifepools.es\/es\/politica-de-privacidad\">Pol\u00edtica de privacidad<\/a>.<\/span><\/label><\/span><\/span><\/span>\n\t<\/p>\n\t<p><span class=\"wpcf7-form-control-wrap kc_captcha\" data-name=\"kc_captcha\"><span class=\"wpcf7-form-control wpcf7-radio\"><span class=\"captcha-image\" ><span class=\"cf7ic_instructions\">Please prove you are human by selecting the<span> flag<\/span>.<\/span><label><input aria-label=\"1\" type=\"radio\" name=\"kc_captcha\" value=\"bot\" \/><svg aria-hidden=\"true\" role=\"img\" xmlns=\"http:\/\/www.w3.org\/2000\/svg\" viewBox=\"0 0 576 512\"><path fill=\"currentColor\" d=\"M488 313v143c0 13-11 24-24 24H348c-7 0-12-5-12-12V356c0-7-5-12-12-12h-72c-7 0-12 5-12 12v112c0 7-5 12-12 12H112c-13 0-24-11-24-24V313c0-4 2-7 4-10l188-154c5-4 11-4 16 0l188 154c2 3 4 6 4 10zm84-61l-84-69V44c0-6-5-12-12-12h-56c-7 0-12 6-12 12v73l-89-74a48 48 0 00-61 0L4 252c-5 4-5 12-1 17l25 31c5 5 12 5 17 1l235-193c5-4 11-4 16 0l235 193c5 5 13 4 17-1l25-31c4-6 4-13-1-17z\"\/><\/svg><\/label><label><input aria-label=\"2\" type=\"radio\" name=\"kc_captcha\" value=\"kc_human\" \/><svg aria-hidden=\"true\" role=\"img\" xmlns=\"http:\/\/www.w3.org\/2000\/svg\" viewBox=\"0 0 512 512\"><path fill=\"currentColor\" d=\"M350 99c-54 0-98-35-166-35-25 0-47 4-68 12a56 56 0 004-24C118 24 95 1 66 0a56 56 0 00-34 102v386c0 13 11 24 24 24h16c13 0 24-11 24-24v-94c28-12 64-23 114-23 54 0 98 35 166 35 48 0 86-16 122-41 9-6 14-15 14-26V96c0-23-24-39-45-29-35 16-77 32-117 32z\"\/><\/svg><\/label><label><input aria-label=\"3\" type=\"radio\" name=\"kc_captcha\" value=\"bot\" \/><svg aria-hidden=\"true\" role=\"img\" xmlns=\"http:\/\/www.w3.org\/2000\/svg\" viewBox=\"0 0 384 512\"><path fill=\"currentColor\" d=\"M377 375l-83-87h34c21 0 32-25 17-40l-82-88h33c21 0 32-25 18-40L210 8c-10-11-26-11-36 0L70 120c-14 15-3 40 18 40h33l-82 88c-15 15-4 40 17 40h34L7 375c-15 16-4 41 17 41h120c0 33-11 49-34 68-12 9-5 28 10 28h144c15 0 22-19 10-28-20-16-34-32-34-68h120c21 0 32-25 17-41z\"\/><\/svg><\/label>\r\n    <\/span>\r\n    <span style=\"display:none\">\r\n        <input type=\"text\" name=\"kc_honeypot\">\r\n    <\/span><\/span><\/span><br \/>\n<input class=\"wpcf7-form-control wpcf7-submit has-spinner\" type=\"submit\" value=\"PEDIR PRESUPUESTO\" \/>\n\t<\/p>\n<\/div><div class=\"fusion-alert alert custom alert-custom fusion-alert-center wpcf7-response-output fusion-alert-capitalize awb-alert-native-link-color alert-dismissable awb-alert-close-boxed\" style=\"--awb-border-size:1px;--awb-border-top-left-radius:0px;--awb-border-top-right-radius:0px;--awb-border-bottom-left-radius:0px;--awb-border-bottom-right-radius:0px;\" role=\"alert\"><div class=\"fusion-alert-content-wrapper\"><span class=\"fusion-alert-content\"><\/span><\/div><button type=\"button\" class=\"close toggle-alert\" data-dismiss=\"alert\" aria-label=\"Close\">&times;<\/button><\/div>\n<\/form>\n<\/div>\n<div class=\"fusion-clearfix\"><\/div><\/div><\/div><\/div><\/div><\/p>\n","protected":false},"excerpt":{"rendered":"","protected":false},"author":1,"featured_media":0,"parent":0,"menu_order":0,"comment_status":"closed","ping_status":"closed","template":"100-width.php","meta":{"footnotes":""},"class_list":["post-2386","page","type-page","status-publish","hentry"],"yoast_head":"<!-- This site is optimized with the Yoast SEO Premium plugin v20.4 (Yoast SEO v26.7) - https:\/\/yoast.com\/wordpress\/plugins\/seo\/ -->\n<title>SALT WATER CHLORINATION - TENERIFE POOLS<\/title>\n<meta name=\"description\" content=\"Request a quote for your pool salt water chlorination system. TENERIFE POOLS, ADEJE,\" \/>\n<meta name=\"robots\" content=\"index, follow, max-snippet:-1, max-image-preview:large, max-video-preview:-1\" \/>\n<link rel=\"canonical\" href=\"https:\/\/tenerifepools.es\/es\/solicitud-presupuesto-adeje-tenerife-sur-cloracion-agua-salada\" \/>\n<meta property=\"og:locale\" content=\"es_ES\" \/>\n<meta property=\"og:type\" content=\"article\" \/>\n<meta property=\"og:title\" content=\"Clorador Salino\" \/>\n<meta property=\"og:url\" content=\"https:\/\/tenerifepools.es\/es\/solicitud-presupuesto-adeje-tenerife-sur-cloracion-agua-salada\" \/>\n<meta property=\"og:site_name\" content=\"TENERIFE POOLS - PISCINAS TENERIFE\" \/>\n<meta property=\"article:publisher\" content=\"https:\/\/facebook.com\/tenerifepools\" \/>\n<meta property=\"article:modified_time\" content=\"2023-01-11T21:14:48+00:00\" \/>\n<meta property=\"og:image\" content=\"https:\/\/tenerifepools.es\/wp-content\/uploads\/2022\/04\/TENERIFEPOOLS-2022-WEBSHARE-1024x547.png\" \/>\n\t<meta property=\"og:image:width\" content=\"1024\" \/>\n\t<meta property=\"og:image:height\" content=\"547\" \/>\n\t<meta property=\"og:image:type\" content=\"image\/png\" \/>\n<meta name=\"twitter:card\" content=\"summary_large_image\" \/>\n<meta name=\"twitter:label1\" content=\"Tiempo de lectura\" \/>\n\t<meta name=\"twitter:data1\" content=\"3 minutos\" \/>\n<script type=\"application\/ld+json\" class=\"yoast-schema-graph\">{\"@context\":\"https:\/\/schema.org\",\"@graph\":[{\"@type\":\"WebPage\",\"@id\":\"https:\/\/tenerifepools.es\/es\/solicitud-presupuesto-adeje-tenerife-sur-cloracion-agua-salada\",\"url\":\"https:\/\/tenerifepools.es\/es\/solicitud-presupuesto-adeje-tenerife-sur-cloracion-agua-salada\",\"name\":\"SALT WATER CHLORINATION - TENERIFE POOLS\",\"isPartOf\":{\"@id\":\"https:\/\/tenerifepools.es\/#website\"},\"datePublished\":\"2022-08-23T15:05:51+00:00\",\"dateModified\":\"2023-01-11T21:14:48+00:00\",\"description\":\"Request a quote for your pool salt water chlorination system. TENERIFE POOLS, ADEJE,\",\"breadcrumb\":{\"@id\":\"https:\/\/tenerifepools.es\/es\/solicitud-presupuesto-adeje-tenerife-sur-cloracion-agua-salada#breadcrumb\"},\"inLanguage\":\"es\",\"potentialAction\":[{\"@type\":\"ReadAction\",\"target\":[\"https:\/\/tenerifepools.es\/es\/solicitud-presupuesto-adeje-tenerife-sur-cloracion-agua-salada\"]}]},{\"@type\":\"BreadcrumbList\",\"@id\":\"https:\/\/tenerifepools.es\/es\/solicitud-presupuesto-adeje-tenerife-sur-cloracion-agua-salada#breadcrumb\",\"itemListElement\":[{\"@type\":\"ListItem\",\"position\":1,\"name\":\"Home\",\"item\":\"https:\/\/tenerifepools.es\/es\"},{\"@type\":\"ListItem\",\"position\":2,\"name\":\"Clorador Salino\"}]},{\"@type\":\"WebSite\",\"@id\":\"https:\/\/tenerifepools.es\/#website\",\"url\":\"https:\/\/tenerifepools.es\/\",\"name\":\"TENERIFE POOLS - PISCINAS TENERIFE\",\"description\":\"POOL MAINTENANCE &amp; MORE TENERIFE SOUTH\",\"publisher\":{\"@id\":\"https:\/\/tenerifepools.es\/#organization\"},\"potentialAction\":[{\"@type\":\"SearchAction\",\"target\":{\"@type\":\"EntryPoint\",\"urlTemplate\":\"https:\/\/tenerifepools.es\/?s={search_term_string}\"},\"query-input\":{\"@type\":\"PropertyValueSpecification\",\"valueRequired\":true,\"valueName\":\"search_term_string\"}}],\"inLanguage\":\"es\"},{\"@type\":\"Organization\",\"@id\":\"https:\/\/tenerifepools.es\/#organization\",\"name\":\"TENERIFE POOLS - PISCINAS TENERIFE\",\"url\":\"https:\/\/tenerifepools.es\/\",\"logo\":{\"@type\":\"ImageObject\",\"inLanguage\":\"es\",\"@id\":\"https:\/\/tenerifepools.es\/#\/schema\/logo\/image\/\",\"url\":\"https:\/\/tenerifepools.es\/wp-content\/uploads\/2020\/04\/TENERIFEPOOLS_logo.png\",\"contentUrl\":\"https:\/\/tenerifepools.es\/wp-content\/uploads\/2020\/04\/TENERIFEPOOLS_logo.png\",\"width\":323,\"height\":77,\"caption\":\"TENERIFE POOLS - PISCINAS TENERIFE\"},\"image\":{\"@id\":\"https:\/\/tenerifepools.es\/#\/schema\/logo\/image\/\"},\"sameAs\":[\"https:\/\/facebook.com\/tenerifepools\",\"https:\/\/instagram.com\/tenerifepools\"]}]}<\/script>\n<!-- \/ Yoast SEO Premium plugin. -->","yoast_head_json":{"title":"SALT WATER CHLORINATION - TENERIFE POOLS","description":"Request a quote for your pool salt water chlorination system. TENERIFE POOLS, ADEJE,","robots":{"index":"index","follow":"follow","max-snippet":"max-snippet:-1","max-image-preview":"max-image-preview:large","max-video-preview":"max-video-preview:-1"},"canonical":"https:\/\/tenerifepools.es\/es\/solicitud-presupuesto-adeje-tenerife-sur-cloracion-agua-salada","og_locale":"es_ES","og_type":"article","og_title":"Clorador Salino","og_url":"https:\/\/tenerifepools.es\/es\/solicitud-presupuesto-adeje-tenerife-sur-cloracion-agua-salada","og_site_name":"TENERIFE POOLS - PISCINAS TENERIFE","article_publisher":"https:\/\/facebook.com\/tenerifepools","article_modified_time":"2023-01-11T21:14:48+00:00","og_image":[{"width":1024,"height":547,"url":"https:\/\/tenerifepools.es\/wp-content\/uploads\/2022\/04\/TENERIFEPOOLS-2022-WEBSHARE-1024x547.png","type":"image\/png"}],"twitter_card":"summary_large_image","twitter_misc":{"Tiempo de lectura":"3 minutos"},"schema":{"@context":"https:\/\/schema.org","@graph":[{"@type":"WebPage","@id":"https:\/\/tenerifepools.es\/es\/solicitud-presupuesto-adeje-tenerife-sur-cloracion-agua-salada","url":"https:\/\/tenerifepools.es\/es\/solicitud-presupuesto-adeje-tenerife-sur-cloracion-agua-salada","name":"SALT WATER CHLORINATION - TENERIFE POOLS","isPartOf":{"@id":"https:\/\/tenerifepools.es\/#website"},"datePublished":"2022-08-23T15:05:51+00:00","dateModified":"2023-01-11T21:14:48+00:00","description":"Request a quote for your pool salt water chlorination system. TENERIFE POOLS, ADEJE,","breadcrumb":{"@id":"https:\/\/tenerifepools.es\/es\/solicitud-presupuesto-adeje-tenerife-sur-cloracion-agua-salada#breadcrumb"},"inLanguage":"es","potentialAction":[{"@type":"ReadAction","target":["https:\/\/tenerifepools.es\/es\/solicitud-presupuesto-adeje-tenerife-sur-cloracion-agua-salada"]}]},{"@type":"BreadcrumbList","@id":"https:\/\/tenerifepools.es\/es\/solicitud-presupuesto-adeje-tenerife-sur-cloracion-agua-salada#breadcrumb","itemListElement":[{"@type":"ListItem","position":1,"name":"Home","item":"https:\/\/tenerifepools.es\/es"},{"@type":"ListItem","position":2,"name":"Clorador Salino"}]},{"@type":"WebSite","@id":"https:\/\/tenerifepools.es\/#website","url":"https:\/\/tenerifepools.es\/","name":"TENERIFE POOLS - PISCINAS TENERIFE","description":"POOL MAINTENANCE &amp; MORE TENERIFE SOUTH","publisher":{"@id":"https:\/\/tenerifepools.es\/#organization"},"potentialAction":[{"@type":"SearchAction","target":{"@type":"EntryPoint","urlTemplate":"https:\/\/tenerifepools.es\/?s={search_term_string}"},"query-input":{"@type":"PropertyValueSpecification","valueRequired":true,"valueName":"search_term_string"}}],"inLanguage":"es"},{"@type":"Organization","@id":"https:\/\/tenerifepools.es\/#organization","name":"TENERIFE POOLS - PISCINAS TENERIFE","url":"https:\/\/tenerifepools.es\/","logo":{"@type":"ImageObject","inLanguage":"es","@id":"https:\/\/tenerifepools.es\/#\/schema\/logo\/image\/","url":"https:\/\/tenerifepools.es\/wp-content\/uploads\/2020\/04\/TENERIFEPOOLS_logo.png","contentUrl":"https:\/\/tenerifepools.es\/wp-content\/uploads\/2020\/04\/TENERIFEPOOLS_logo.png","width":323,"height":77,"caption":"TENERIFE POOLS - PISCINAS TENERIFE"},"image":{"@id":"https:\/\/tenerifepools.es\/#\/schema\/logo\/image\/"},"sameAs":["https:\/\/facebook.com\/tenerifepools","https:\/\/instagram.com\/tenerifepools"]}]}},"_links":{"self":[{"href":"https:\/\/tenerifepools.es\/es\/wp-json\/wp\/v2\/pages\/2386","targetHints":{"allow":["GET"]}}],"collection":[{"href":"https:\/\/tenerifepools.es\/es\/wp-json\/wp\/v2\/pages"}],"about":[{"href":"https:\/\/tenerifepools.es\/es\/wp-json\/wp\/v2\/types\/page"}],"author":[{"embeddable":true,"href":"https:\/\/tenerifepools.es\/es\/wp-json\/wp\/v2\/users\/1"}],"replies":[{"embeddable":true,"href":"https:\/\/tenerifepools.es\/es\/wp-json\/wp\/v2\/comments?post=2386"}],"version-history":[{"count":2,"href":"https:\/\/tenerifepools.es\/es\/wp-json\/wp\/v2\/pages\/2386\/revisions"}],"predecessor-version":[{"id":2391,"href":"https:\/\/tenerifepools.es\/es\/wp-json\/wp\/v2\/pages\/2386\/revisions\/2391"}],"wp:attachment":[{"href":"https:\/\/tenerifepools.es\/es\/wp-json\/wp\/v2\/media?parent=2386"}],"curies":[{"name":"wp","href":"https:\/\/api.w.org\/{rel}","templated":true}]}}